{"id":1954,"date":"2024-03-27T00:34:54","date_gmt":"2024-03-27T03:34:54","guid":{"rendered":"https:\/\/filtroparatodos.com.br\/loja\/?post_type=product&#038;p=1954"},"modified":"2024-08-28T13:39:59","modified_gmt":"2024-08-28T16:39:59","slug":"purificador-de-agua-branco-com-painel-touch-bivolt-pe11b","status":"publish","type":"product","link":"https:\/\/filtroparatodos.com.br\/loja\/produto\/purificador-de-agua-branco-com-painel-touch-bivolt-pe11b\/","title":{"rendered":"Purificador de \u00c1gua Branco com Painel Touch Bivolt (PE11B)\u00a0"},"content":{"rendered":"\t\t<div data-elementor-type=\"product-post\" data-elementor-id=\"1954\" class=\"elementor elementor-1954\" data-elementor-post-type=\"product\">\n\t\t\t\t\t\t<section class=\"elementor-section elementor-top-section elementor-element elementor-element-cbca5e8 elementor-section-boxed elementor-section-height-default elementor-section-height-default\" data-id=\"cbca5e8\" data-element_type=\"section\">\n\t\t\t\t\t\t<div class=\"elementor-container elementor-column-gap-default\">\n\t\t\t\t\t<div class=\"elementor-column elementor-col-100 elementor-top-column elementor-element elementor-element-0f454ce\" data-id=\"0f454ce\" data-element_type=\"column\">\n\t\t\t<div class=\"elementor-widget-wrap elementor-element-populated\">\n\t\t\t\t\t\t<div class=\"elementor-element elementor-element-40add5a elementor-position-top elementor-widget elementor-widget-image-box\" data-id=\"40add5a\" data-element_type=\"widget\" data-widget_type=\"image-box.default\">\n\t\t\t\t<div class=\"elementor-widget-container\">\n\t\t\t<style>\/*! elementor - v3.22.0 - 26-06-2024 *\/\n.elementor-widget-image-box .elementor-image-box-content{width:100%}@media (min-width:768px){.elementor-widget-image-box.elementor-position-left .elementor-image-box-wrapper,.elementor-widget-image-box.elementor-position-right .elementor-image-box-wrapper{display:flex}.elementor-widget-image-box.elementor-position-right .elementor-image-box-wrapper{text-align:end;flex-direction:row-reverse}.elementor-widget-image-box.elementor-position-left .elementor-image-box-wrapper{text-align:start;flex-direction:row}.elementor-widget-image-box.elementor-position-top .elementor-image-box-img{margin:auto}.elementor-widget-image-box.elementor-vertical-align-top .elementor-image-box-wrapper{align-items:flex-start}.elementor-widget-image-box.elementor-vertical-align-middle .elementor-image-box-wrapper{align-items:center}.elementor-widget-image-box.elementor-vertical-align-bottom .elementor-image-box-wrapper{align-items:flex-end}}@media (max-width:767px){.elementor-widget-image-box .elementor-image-box-img{margin-left:auto!important;margin-right:auto!important;margin-bottom:15px}}.elementor-widget-image-box .elementor-image-box-img{display:inline-block}.elementor-widget-image-box .elementor-image-box-title a{color:inherit}.elementor-widget-image-box .elementor-image-box-wrapper{text-align:center}.elementor-widget-image-box .elementor-image-box-description{margin:0}<\/style><div class=\"elementor-image-box-wrapper\"><figure class=\"elementor-image-box-img\"><img fetchpriority=\"high\" decoding=\"async\" width=\"2560\" height=\"2560\" src=\"https:\/\/filtroparatodos.com.br\/loja\/wp-content\/uploads\/2024\/03\/PurificadorAgua_PE11B_Filtro-3000x3000-1-scaled.jpg\" class=\"attachment-full size-full wp-image-1958\" alt=\"\" srcset=\"https:\/\/filtroparatodos.com.br\/loja\/wp-content\/uploads\/2024\/03\/PurificadorAgua_PE11B_Filtro-3000x3000-1-scaled.jpg 2560w, https:\/\/filtroparatodos.com.br\/loja\/wp-content\/uploads\/2024\/03\/PurificadorAgua_PE11B_Filtro-3000x3000-1-300x300.jpg 300w, https:\/\/filtroparatodos.com.br\/loja\/wp-content\/uploads\/2024\/03\/PurificadorAgua_PE11B_Filtro-3000x3000-1-1024x1024.jpg 1024w, https:\/\/filtroparatodos.com.br\/loja\/wp-content\/uploads\/2024\/03\/PurificadorAgua_PE11B_Filtro-3000x3000-1-150x150.jpg 150w, https:\/\/filtroparatodos.com.br\/loja\/wp-content\/uploads\/2024\/03\/PurificadorAgua_PE11B_Filtro-3000x3000-1-768x768.jpg 768w, https:\/\/filtroparatodos.com.br\/loja\/wp-content\/uploads\/2024\/03\/PurificadorAgua_PE11B_Filtro-3000x3000-1-1536x1536.jpg 1536w, https:\/\/filtroparatodos.com.br\/loja\/wp-content\/uploads\/2024\/03\/PurificadorAgua_PE11B_Filtro-3000x3000-1-2048x2048.jpg 2048w, https:\/\/filtroparatodos.com.br\/loja\/wp-content\/uploads\/2024\/03\/PurificadorAgua_PE11B_Filtro-3000x3000-1-75x75.jpg 75w, https:\/\/filtroparatodos.com.br\/loja\/wp-content\/uploads\/2024\/03\/PurificadorAgua_PE11B_Filtro-3000x3000-1-480x480.jpg 480w, https:\/\/filtroparatodos.com.br\/loja\/wp-content\/uploads\/2024\/03\/PurificadorAgua_PE11B_Filtro-3000x3000-1-800x800.jpg 800w\" sizes=\"(max-width:767px) 480px, (max-width:2560px) 100vw, 2560px\" \/><\/figure><div class=\"elementor-image-box-content\"><p class=\"elementor-image-box-description\">O caf\u00e9, o suco do almo\u00e7o e o ch\u00e1 antes de dormir estar\u00e3o sempre gostosos gra\u00e7as ao purificador de \u00e1gua Electrolux PE 11 B. Com filtro de carv\u00e3o ativado e polipropileno, sua \u00e1gua fica limpa sem cheiros e sabores. Pura do jeito que deve ser. E quando o filt\nO caf\u00e9, o suco do almo\u00e7o e o ch\u00e1 antes de dormir estar\u00e3o sempre gostosos gra\u00e7as ao purificador de \u00e1gua Electrolux PE 11 B. Com filtro de carv\u00e3o ativado e polipropileno, sua \u00e1gua fica limpa sem cheiros e sabores. Pura do jeito que deve ser. E quando o filtro do purificador de \u00e1gua estiver saturado, uma luz no avisa que \u00e9 hora de trocar. E a troca \u00e9 t\u00e3o simples, que voc\u00ea mesmo pode fazer. Assim fica ainda mais f\u00e1cil de matar a sede com o purificador de \u00e1gua. E na temperatura que voc\u00ea quiser: natural, fria e gelada. Painel Easy Touch F\u00e1cil manuseio, moderno e f\u00e1cil de limpar. \u00c1gua Natural, Fria ou Gelada Voc\u00ea escolhe. Filtro de Carv\u00e3o Ativado e Polipropileno \u00c1gua tratada, livre de impurezas,cor, sabor, odor, cloro, ret\u00e9m bact\u00e9rias. F\u00e1cil Troca do Filtro Voc\u00ea mesmo pode fazer a substitui\u00e7\u00e3o do filtro. Coletor de \u00c1gua Remov\u00edvel F\u00e1cil manuseio, moderno e f\u00e1cil de limpar. Luz Indicadora de Filtro Saturado N\u00e3o precisa se preocupar em lembrar de trocar o refil, o seu purificador te avisa. Design Inovador Leve e compacto. Fluxo Cont\u00ednuo ou Controlado Maior praticidade para o enchimento de copos ou jarras. Com p\u00e9s de Borracha Antiderrapante Instala\u00e7\u00e3o f\u00e1cil e vers\u00e1til.<\/p><\/div><\/div>\t\t<\/div>\n\t\t\t\t<\/div>\n\t\t\t\t\t<\/div>\n\t\t<\/div>\n\t\t\t\t\t<\/div>\n\t\t<\/section>\n\t\t\t\t<\/div>\n\t\t","protected":false},"excerpt":{"rendered":"<p><strong><span style=\"font-family: Montserrat, serif;\"><span style=\"font-size: large;\"><span style=\"color: #000000;\">FILTRO DE CARV\u00c3O ATIVADO E POLIPROPILENO <\/span><\/span><\/span><\/strong><span style=\"color: #000000;\"><span style=\"font-family: Montserrat, serif;\"><span style=\"font-size: large;\">\u00c1gua tratada, livre de impurezas, cor, sabor, odor, cloro e bact\u00e9rias.<\/span><\/span><\/span><\/p>\n<p><span style=\"font-family: Montserrat, serif;\"><span style=\"font-size: large;\"><b><span style=\"color: #000000;\">TR\u00caS OP\u00c7\u00d5ES DE TEMPERATURA\u00a0<\/span><\/b><\/span><\/span><span style=\"color: #000000;\"><span style=\"font-family: Montserrat, serif;\"><span style=\"font-size: large;\">\u00c1gua Natural, Fria ou Gelada com apenas um toque. Seu sistema eletr\u00f4nico de refrigera\u00e7\u00e3o mant\u00e9m a temperatura abaixo de 10\u00baC.<\/span><\/span><\/span><\/p>\n<p><span style=\"font-family: Montserrat, serif;\"><span style=\"font-size: large;\"><b><span style=\"color: #000000;\">ALERTA TROCA FILTRO\u00a0<\/span><\/b><\/span><\/span><span style=\"color: #000000;\"><span style=\"font-family: Montserrat, serif;\"><span style=\"font-size: large;\">N\u00e3o se preocupe em lembrar de trocar o filtro, seu purificador avisa. Al\u00e9m de f\u00e1cil substitui\u00e7\u00e3o, voc\u00ea mesmo pode fazer a troca do filtro quando necess\u00e1rio.<\/span><\/span><\/span><\/p>\n<p><span style=\"font-family: Montserrat, serif;\"><span style=\"font-size: large;\"><b><span style=\"color: #000000;\">P\u00c9S DE BORRACHA ANTIDERRAPANTE\u00a0<\/span><\/b><\/span><\/span><span style=\"color: #000000;\"><span style=\"font-family: Montserrat, serif;\"><span style=\"font-size: large;\">Facilidade de manuseio do produto, e instala\u00e7\u00e3o f\u00e1cil e vers\u00e1til.<\/span><\/span><\/span><\/p>\n<p><span style=\"font-family: Montserrat, serif;\"><span style=\"font-size: large;\"><b><span style=\"color: #000000;\">DESIGN COMPACTO E INOVADOR\u00a0<\/span><\/b><\/span><\/span><span style=\"color: #000000;\"><span style=\"font-family: Montserrat, serif;\"><span style=\"font-size: large;\">Leve e compacto, cabe em qualquer cantinho da sua cozinha.<\/span><\/span><\/span><\/p>\n<p><span style=\"font-family: Montserrat, serif;\"><span style=\"font-size: large;\"><b><span style=\"color: #000000;\">PAINEL EASY TOUCH\u00a0<\/span><\/b><\/span><\/span><span style=\"color: #000000;\"><span style=\"font-family: Montserrat, serif;\"><span style=\"font-size: large;\">F\u00e1cil manuseio, moderno e f\u00e1cil de limpar.<\/span><\/span><\/span><\/p>\n<p><span style=\"font-family: Montserrat, serif;\"><span style=\"font-size: large;\"><b><span style=\"color: #000000;\">FLUXO CONT\u00cdNUO OU CONTROLADO\u00a0<\/span><\/b><\/span><\/span><span style=\"color: #000000;\"><span style=\"font-family: Montserrat, serif;\"><span style=\"font-size: large;\">Maior praticidade para o enchimento de copos ou jarras.<\/span><\/span><\/span><\/p>\n<p><span style=\"font-family: Montserrat, serif;\"><span style=\"font-size: large;\"><b><span style=\"color: #000000;\">BANDEJA REMOV\u00cdVEL\u00a0<\/span><\/b><\/span><\/span><span style=\"color: #000000;\"><span style=\"font-family: Montserrat, serif;\"><span style=\"font-size: large;\">Maior facilidade de limpeza.<\/span><\/span><\/span><\/p>\n","protected":false},"featured_media":1957,"template":"","meta":[],"product_cat":[17],"product_tag":[],"_links":{"self":[{"href":"https:\/\/filtroparatodos.com.br\/loja\/wp-json\/wp\/v2\/product\/1954"}],"collection":[{"href":"https:\/\/filtroparatodos.com.br\/loja\/wp-json\/wp\/v2\/product"}],"about":[{"href":"https:\/\/filtroparatodos.com.br\/loja\/wp-json\/wp\/v2\/types\/product"}],"version-history":[{"count":7,"href":"https:\/\/filtroparatodos.com.br\/loja\/wp-json\/wp\/v2\/product\/1954\/revisions"}],"predecessor-version":[{"id":2128,"href":"https:\/\/filtroparatodos.com.br\/loja\/wp-json\/wp\/v2\/product\/1954\/revisions\/2128"}],"wp:featuredmedia":[{"embeddable":true,"href":"https:\/\/filtroparatodos.com.br\/loja\/wp-json\/wp\/v2\/media\/1957"}],"wp:attachment":[{"href":"https:\/\/filtroparatodos.com.br\/loja\/wp-json\/wp\/v2\/media?parent=1954"}],"wp:term":[{"taxonomy":"product_cat","embeddable":true,"href":"https:\/\/filtroparatodos.com.br\/loja\/wp-json\/wp\/v2\/product_cat?post=1954"},{"taxonomy":"product_tag","embeddable":true,"href":"https:\/\/filtroparatodos.com.br\/loja\/wp-json\/wp\/v2\/product_tag?post=1954"}],"curies":[{"name":"wp","href":"https:\/\/api.w.org\/{rel}","templated":true}]}}