{"id":2004,"date":"2024-03-27T01:16:48","date_gmt":"2024-03-27T04:16:48","guid":{"rendered":"https:\/\/filtroparatodos.com.br\/loja\/?post_type=product&#038;p=2004"},"modified":"2025-09-08T08:56:57","modified_gmt":"2025-09-08T11:56:57","slug":"purificador-de-agua-electrolux-gelada-fria-e-natural-eletrico-compacto-pure-4x-branco-pe12b","status":"publish","type":"product","link":"https:\/\/filtroparatodos.com.br\/loja\/produto\/purificador-de-agua-electrolux-gelada-fria-e-natural-eletrico-compacto-pure-4x-branco-pe12b\/","title":{"rendered":"Purificador de \u00e1gua Electrolux &#8211; Gelada, Fria e Natural El\u00e9trico Compacto Pure 4x Branco (PE12B)"},"content":{"rendered":"\t\t<div data-elementor-type=\"product-post\" data-elementor-id=\"2004\" class=\"elementor elementor-2004\" data-elementor-post-type=\"product\">\n\t\t\t\t\t\t<section class=\"elementor-section elementor-top-section elementor-element elementor-element-cbca5e8 elementor-section-boxed elementor-section-height-default elementor-section-height-default\" data-id=\"cbca5e8\" data-element_type=\"section\">\n\t\t\t\t\t\t<div class=\"elementor-container elementor-column-gap-default\">\n\t\t\t\t\t<div class=\"elementor-column elementor-col-100 elementor-top-column elementor-element elementor-element-0f454ce\" data-id=\"0f454ce\" data-element_type=\"column\">\n\t\t\t<div class=\"elementor-widget-wrap elementor-element-populated\">\n\t\t\t\t\t\t<div class=\"elementor-element elementor-element-40add5a elementor-position-top elementor-widget elementor-widget-image-box\" data-id=\"40add5a\" data-element_type=\"widget\" data-widget_type=\"image-box.default\">\n\t\t\t\t<div class=\"elementor-widget-container\">\n\t\t\t<style>\/*! elementor - v3.22.0 - 26-06-2024 *\/\n.elementor-widget-image-box .elementor-image-box-content{width:100%}@media (min-width:768px){.elementor-widget-image-box.elementor-position-left .elementor-image-box-wrapper,.elementor-widget-image-box.elementor-position-right .elementor-image-box-wrapper{display:flex}.elementor-widget-image-box.elementor-position-right .elementor-image-box-wrapper{text-align:end;flex-direction:row-reverse}.elementor-widget-image-box.elementor-position-left .elementor-image-box-wrapper{text-align:start;flex-direction:row}.elementor-widget-image-box.elementor-position-top .elementor-image-box-img{margin:auto}.elementor-widget-image-box.elementor-vertical-align-top .elementor-image-box-wrapper{align-items:flex-start}.elementor-widget-image-box.elementor-vertical-align-middle .elementor-image-box-wrapper{align-items:center}.elementor-widget-image-box.elementor-vertical-align-bottom .elementor-image-box-wrapper{align-items:flex-end}}@media (max-width:767px){.elementor-widget-image-box .elementor-image-box-img{margin-left:auto!important;margin-right:auto!important;margin-bottom:15px}}.elementor-widget-image-box .elementor-image-box-img{display:inline-block}.elementor-widget-image-box .elementor-image-box-title a{color:inherit}.elementor-widget-image-box .elementor-image-box-wrapper{text-align:center}.elementor-widget-image-box .elementor-image-box-description{margin:0}<\/style><div class=\"elementor-image-box-wrapper\"><figure class=\"elementor-image-box-img\"><img fetchpriority=\"high\" decoding=\"async\" width=\"500\" height=\"500\" src=\"https:\/\/filtroparatodos.com.br\/loja\/wp-content\/uploads\/2024\/03\/WaterPurifier_PE12B_Specs_Electrolux-500x500-1.jpg\" class=\"attachment-full size-full wp-image-2009\" alt=\"\" srcset=\"https:\/\/filtroparatodos.com.br\/loja\/wp-content\/uploads\/2024\/03\/WaterPurifier_PE12B_Specs_Electrolux-500x500-1.jpg 500w, https:\/\/filtroparatodos.com.br\/loja\/wp-content\/uploads\/2024\/03\/WaterPurifier_PE12B_Specs_Electrolux-500x500-1-300x300.jpg 300w, https:\/\/filtroparatodos.com.br\/loja\/wp-content\/uploads\/2024\/03\/WaterPurifier_PE12B_Specs_Electrolux-500x500-1-150x150.jpg 150w, https:\/\/filtroparatodos.com.br\/loja\/wp-content\/uploads\/2024\/03\/WaterPurifier_PE12B_Specs_Electrolux-500x500-1-75x75.jpg 75w, https:\/\/filtroparatodos.com.br\/loja\/wp-content\/uploads\/2024\/03\/WaterPurifier_PE12B_Specs_Electrolux-500x500-1-480x480.jpg 480w\" sizes=\"(max-width:767px) 480px, 500px\" \/><\/figure><div class=\"elementor-image-box-content\"><p class=\"elementor-image-box-description\">O Purificador de \u00e1gua Electrolux - Gelada, Fria e Natural El\u00e9trico Compacto Pure 4x Branco (PE12B) da Electrolux enche seu copo at\u00e9 4x mais r\u00e1pido. Esse modelo possui Tecnologia Acqua Pure: reduz cloro, odores e outras part\u00edculas presentes na sua \u00e1gua*. A\nO Purificador de \u00e1gua Electrolux - Gelada, Fria e Natural El\u00e9trico Compacto Pure 4x Branco (PE12B) da Electrolux enche seu copo at\u00e9 4x mais r\u00e1pido. Esse modelo possui Tecnologia Acqua Pure: reduz cloro, odores e outras part\u00edculas presentes na sua \u00e1gua*. Al\u00e9m disso, \u00e9 eficaz no controle do n\u00edvel microbiol\u00f3gico* da sua \u00e1gua. O Design do Purificador de \u00e1gua Electrolux \u00e9 compacto e moderno, podendo ser instalado em bancadas e dispon\u00edvel em 4 cores diferentes para combinar com qualquer ambiente. O painel touch possui ilumina\u00e7\u00e3o de LED para sinalizar a satura\u00e7\u00e3o do filtro e facilitar a escolha dentre as 3 op\u00e7\u00f5es de temperatura de \u00e1gua. A troca de refil \u00e9 f\u00e1cil e simples, a cada 3.000 litros ou 6 meses de uso. O alerta de troca de filtro sinaliza a hora certa de substituir. O purificador tamb\u00e9m conta com bandeja remov\u00edvel e p\u00e9s de borracha antiderrapante, facilitando a limpeza sem comprometer a estabilidade e boa performance. * Testado de acordo com a Portaria 394\/2014? e ABNT NBR 16098:2012. ** Testado com a bact\u00e9ria Pseudomonas aeruginosa conforme ABNT NBR16098:2012<\/p><\/div><\/div>\t\t<\/div>\n\t\t\t\t<\/div>\n\t\t\t\t\t<\/div>\n\t\t<\/div>\n\t\t\t\t\t<\/div>\n\t\t<\/section>\n\t\t\t\t<\/div>\n\t\t","protected":false},"excerpt":{"rendered":"<p><span style=\"font-family: Montserrat, serif;\"><span style=\"font-size: large;\"><b><span style=\"color: #000000;\">PRODUTO 100% SEM PINTURA\u00a0<\/span><\/b><\/span><\/span><span style=\"color: #000000;\"><span style=\"font-family: Montserrat, serif;\"><span style=\"font-size: large;\">N\u00e3o tem pintura feita com pistola e nem pintura \u00e0 p\u00f3, todas as cores existentes no produto s\u00e3o cores do pr\u00f3prio pl\u00e1stico.<\/span><\/span><\/span><\/p>\n<p><span style=\"font-family: Montserrat, serif;\"><span style=\"font-size: large;\"><b><span style=\"color: #000000;\">TROQUE SEU REFIL INSTANTANEAMENTE<\/span><\/b><\/span><\/span><span style=\"color: #000000;\"><span style=\"font-family: Montserrat, serif;\"><span style=\"font-size: large;\">\u00a0A Troca de refil pode ser feita de maneira instant\u00e2nea e pr\u00e1tica, sendo necess\u00e1ria a cada 3.000 litros ou 6 meses de uso. Conte com o alerta de troca de filtro, que avisa a hora certa de substitu\u00ed-lo.<\/span><\/span><\/span><\/p>\n<p><span style=\"font-family: Montserrat, serif;\"><span style=\"font-size: large;\"><b><span style=\"color: #000000;\">BANDEJA REMOV\u00cdVEL\u00a0<\/span><\/b><\/span><\/span><span style=\"color: #000000;\"><span style=\"font-family: Montserrat, serif;\"><span style=\"font-size: large;\">F\u00e1cil de remover e limpar.<\/span><\/span><\/span><\/p>\n<p><span style=\"font-family: Montserrat, serif;\"><span style=\"font-size: large;\"><b><span style=\"color: #000000;\">POWERJET\u00a0<\/span><\/b><\/span><\/span><span style=\"color: #000000;\"><span style=\"font-family: Montserrat, serif;\"><span style=\"font-size: large;\">Encha seu copo at\u00e9 4x mais r\u00e1pido* *Comparado com o modelo PE11B\/X e utilizando filtro novo.<\/span><\/span><\/span><\/p>\n<p><span style=\"font-family: Montserrat, serif;\"><span style=\"font-size: large;\"><b><span style=\"color: #000000;\">DESIGN COMPACTO E INOVADOR\u00a0<\/span><\/b><\/span><\/span><span style=\"color: #000000;\"><span style=\"font-family: Montserrat, serif;\"><span style=\"font-size: large;\">ideal para casas compactas, otimizar espa\u00e7o de bancada e com 4 op\u00e7\u00f5es de cores, perfeito para inovar na decora\u00e7\u00e3o.<\/span><\/span><\/span><\/p>\n<p><span style=\"font-family: Montserrat, serif;\"><span style=\"font-size: large;\"><b><span style=\"color: #000000;\">3 OP\u00c7\u00d5ES DE TEMPERATURA\u00a0<\/span><\/b><\/span><\/span><span style=\"color: #000000;\"><span style=\"font-family: Montserrat, serif;\"><span style=\"font-size: large;\">Escolha a temperatura ideal para seu gosto, natural, fresca ou gelada.<\/span><\/span><\/span><\/p>\n<p><span style=\"font-family: Montserrat, serif;\"><span style=\"font-size: large;\"><b><span style=\"color: #000000;\">PAINEL TOUCH\u00a0<\/span><\/b><\/span><\/span><span style=\"color: #000000;\"><span style=\"font-family: Montserrat, serif;\"><span style=\"font-size: large;\">Facilidade na sele\u00e7\u00e3o de temperatura e sa\u00edda de \u00e1gua.<\/span><\/span><\/span><\/p>\n","protected":false},"featured_media":2005,"template":"","meta":[],"product_cat":[17],"product_tag":[],"_links":{"self":[{"href":"https:\/\/filtroparatodos.com.br\/loja\/wp-json\/wp\/v2\/product\/2004"}],"collection":[{"href":"https:\/\/filtroparatodos.com.br\/loja\/wp-json\/wp\/v2\/product"}],"about":[{"href":"https:\/\/filtroparatodos.com.br\/loja\/wp-json\/wp\/v2\/types\/product"}],"version-history":[{"count":7,"href":"https:\/\/filtroparatodos.com.br\/loja\/wp-json\/wp\/v2\/product\/2004\/revisions"}],"predecessor-version":[{"id":2023,"href":"https:\/\/filtroparatodos.com.br\/loja\/wp-json\/wp\/v2\/product\/2004\/revisions\/2023"}],"wp:featuredmedia":[{"embeddable":true,"href":"https:\/\/filtroparatodos.com.br\/loja\/wp-json\/wp\/v2\/media\/2005"}],"wp:attachment":[{"href":"https:\/\/filtroparatodos.com.br\/loja\/wp-json\/wp\/v2\/media?parent=2004"}],"wp:term":[{"taxonomy":"product_cat","embeddable":true,"href":"https:\/\/filtroparatodos.com.br\/loja\/wp-json\/wp\/v2\/product_cat?post=2004"},{"taxonomy":"product_tag","embeddable":true,"href":"https:\/\/filtroparatodos.com.br\/loja\/wp-json\/wp\/v2\/product_tag?post=2004"}],"curies":[{"name":"wp","href":"https:\/\/api.w.org\/{rel}","templated":true}]}}