{"id":2045,"date":"2024-03-27T01:39:06","date_gmt":"2024-03-27T04:39:06","guid":{"rendered":"https:\/\/filtroparatodos.com.br\/loja\/?post_type=product&#038;p=2045"},"modified":"2025-02-04T09:33:15","modified_gmt":"2025-02-04T12:33:15","slug":"purificador-de-agua-soft-baby-branco","status":"publish","type":"product","link":"https:\/\/filtroparatodos.com.br\/loja\/produto\/purificador-de-agua-soft-baby-branco\/","title":{"rendered":"Purificador de \u00c1gua Soft Baby Branco"},"content":{"rendered":"\t\t<div data-elementor-type=\"product-post\" data-elementor-id=\"2045\" class=\"elementor elementor-2045\" data-elementor-post-type=\"product\">\n\t\t\t\t\t\t<section class=\"elementor-section elementor-top-section elementor-element elementor-element-cbca5e8 elementor-section-boxed elementor-section-height-default elementor-section-height-default\" data-id=\"cbca5e8\" data-element_type=\"section\">\n\t\t\t\t\t\t<div class=\"elementor-container elementor-column-gap-default\">\n\t\t\t\t\t<div class=\"elementor-column elementor-col-100 elementor-top-column elementor-element elementor-element-0f454ce\" data-id=\"0f454ce\" data-element_type=\"column\">\n\t\t\t<div class=\"elementor-widget-wrap elementor-element-populated\">\n\t\t\t\t\t\t<div class=\"elementor-element elementor-element-40add5a elementor-position-top elementor-widget elementor-widget-image-box\" data-id=\"40add5a\" data-element_type=\"widget\" data-widget_type=\"image-box.default\">\n\t\t\t\t<div class=\"elementor-widget-container\">\n\t\t\t<style>\/*! elementor - v3.22.0 - 26-06-2024 *\/\n.elementor-widget-image-box .elementor-image-box-content{width:100%}@media (min-width:768px){.elementor-widget-image-box.elementor-position-left .elementor-image-box-wrapper,.elementor-widget-image-box.elementor-position-right .elementor-image-box-wrapper{display:flex}.elementor-widget-image-box.elementor-position-right .elementor-image-box-wrapper{text-align:end;flex-direction:row-reverse}.elementor-widget-image-box.elementor-position-left .elementor-image-box-wrapper{text-align:start;flex-direction:row}.elementor-widget-image-box.elementor-position-top .elementor-image-box-img{margin:auto}.elementor-widget-image-box.elementor-vertical-align-top .elementor-image-box-wrapper{align-items:flex-start}.elementor-widget-image-box.elementor-vertical-align-middle .elementor-image-box-wrapper{align-items:center}.elementor-widget-image-box.elementor-vertical-align-bottom .elementor-image-box-wrapper{align-items:flex-end}}@media (max-width:767px){.elementor-widget-image-box .elementor-image-box-img{margin-left:auto!important;margin-right:auto!important;margin-bottom:15px}}.elementor-widget-image-box .elementor-image-box-img{display:inline-block}.elementor-widget-image-box .elementor-image-box-title a{color:inherit}.elementor-widget-image-box .elementor-image-box-wrapper{text-align:center}.elementor-widget-image-box .elementor-image-box-description{margin:0}<\/style><div class=\"elementor-image-box-wrapper\"><figure class=\"elementor-image-box-img\"><img fetchpriority=\"high\" decoding=\"async\" width=\"1080\" height=\"1080\" src=\"https:\/\/filtroparatodos.com.br\/loja\/wp-content\/uploads\/2024\/03\/51uxOecT6L._SL1080_.jpg\" class=\"attachment-full size-full wp-image-2049\" alt=\"\" srcset=\"https:\/\/filtroparatodos.com.br\/loja\/wp-content\/uploads\/2024\/03\/51uxOecT6L._SL1080_.jpg 1080w, https:\/\/filtroparatodos.com.br\/loja\/wp-content\/uploads\/2024\/03\/51uxOecT6L._SL1080_-300x300.jpg 300w, https:\/\/filtroparatodos.com.br\/loja\/wp-content\/uploads\/2024\/03\/51uxOecT6L._SL1080_-1024x1024.jpg 1024w, https:\/\/filtroparatodos.com.br\/loja\/wp-content\/uploads\/2024\/03\/51uxOecT6L._SL1080_-150x150.jpg 150w, https:\/\/filtroparatodos.com.br\/loja\/wp-content\/uploads\/2024\/03\/51uxOecT6L._SL1080_-768x768.jpg 768w, https:\/\/filtroparatodos.com.br\/loja\/wp-content\/uploads\/2024\/03\/51uxOecT6L._SL1080_-75x75.jpg 75w, https:\/\/filtroparatodos.com.br\/loja\/wp-content\/uploads\/2024\/03\/51uxOecT6L._SL1080_-480x480.jpg 480w, https:\/\/filtroparatodos.com.br\/loja\/wp-content\/uploads\/2024\/03\/51uxOecT6L._SL1080_-800x800.jpg 800w\" sizes=\"(max-width:767px) 480px, (max-width:1080px) 100vw, 1080px\" \/><\/figure><div class=\"elementor-image-box-content\"><p class=\"elementor-image-box-description\">Purificador de \u00c1gua Sem Refrigera\u00e7\u00e3o, o\u00a0\u00a0Purificador de \u00c1gua Soft Baby Branco\u00a0oferece\u00a0\u00e1 gua pura e cristalina, livre de cloro, gostos, odores e impurezas.\nPossui dupla filtra\u00e7\u00e3o com elemento filtrante de polipropileno (Melt Blown) capaz de reter impurezas maiores que 5 micra. Utiliza carv\u00e3o ativado com prata coloidal para a redu\u00e7\u00e3o de cloro livre, odores e sabores.\n\u00c1gua pura e cristalina para consumo. Utilize tamb\u00e9m a \u00e1gua de seu purificador para cozinhar alimentos, lavar frutas, verduras e legumes, al\u00e9m de fazer aquele cafezinho com um sabor todo especial.\nEconomia: seu filtro tem vida \u00fatil, a qual varia de 9 a 12 meses (varia\u00e7\u00e3o de acordo com a qualidade da \u00e1gua oferecida pela conpanhia de abastecimento).\nRapidez e praticidade: \u00c9 s\u00f3 girar a torneira do purificador para ter uma \u00e1gua pura e de qualidade.\nDesign moderno, com linhas suaves. Combina com qualquer ambiente.\nSem refrigera\u00e7\u00e3o - Somente \u00c1gua Natural\nCom pingadeira e bica d'\u00e1gua remov\u00edveis.\u00a0<\/p><\/div><\/div>\t\t<\/div>\n\t\t\t\t<\/div>\n\t\t\t\t\t<\/div>\n\t\t<\/div>\n\t\t\t\t\t<\/div>\n\t\t<\/section>\n\t\t\t\t<\/div>\n\t\t","protected":false},"excerpt":{"rendered":"<p><span style=\"font-family: Times New Roman, serif;\"><span style=\"font-size: medium;\"><b><span style=\"color: #333333;\"><span style=\"font-family: Arial, serif;\"><span style=\"font-size: small;\"><u>Dimens\u00f5es:\u00a0<\/u><\/span><\/span><\/span><\/b><span style=\"color: #333333;\"><span style=\"font-family: Arial, serif;\"><span style=\"font-size: small;\">\u00a0\u00a0<\/span><\/span><\/span><\/span><\/span><\/p>\n<p><span style=\"font-family: Times New Roman, serif;\"><span style=\"font-size: medium;\"><span style=\"color: #333333;\"><span style=\"font-family: Arial, serif;\"><span style=\"font-size: small;\">Altura: 28 cm | Largura: 19,5 cm | Profundidade: 18,5 cm<\/span><\/span><\/span><\/span><\/span><\/p>\n<p><span style=\"font-family: Times New Roman, serif;\"><span style=\"font-size: medium;\"><b><span style=\"color: #333333;\"><span style=\"font-family: Arial, serif;\"><span style=\"font-size: small;\"><u>Peso l\u00edquido<\/u><\/span><\/span><\/span><\/b><span style=\"color: #333333;\"><span style=\"font-family: Arial, serif;\"><span style=\"font-size: small;\">: 1,520 kg<br \/>\n<\/span><\/span><\/span><b><span style=\"color: #333333;\"><span style=\"font-family: Arial, serif;\"><span style=\"font-size: small;\"><u>Vida \u00fatil do elemento filtrante<\/u><\/span><\/span><\/span><\/b><span style=\"color: #333333;\"><span style=\"font-family: Arial, serif;\"><span style=\"font-size: small;\">: 4000 litros<br \/>\n<\/span><\/span><\/span><b><span style=\"color: #333333;\"><span style=\"font-family: Arial, serif;\"><span style=\"font-size: small;\"><u>Press\u00e3o m\u00ednima e m\u00e1xima da rede hidr\u00e1ulica<\/u><\/span><\/span><\/span><\/b><span style=\"color: #333333;\"><span style=\"font-family: Arial, serif;\"><span style=\"font-size: small;\">: 3 a 40 mca \u2013 metros de coluna de \u00e1gua (0,029 a 0,392 Mpa)<br \/>\n<\/span><\/span><\/span><b><span style=\"color: #333333;\"><span style=\"font-family: Arial, serif;\"><span style=\"font-size: small;\"><u>Press\u00e3o nominal<\/u><\/span><\/span><\/span><\/b><span style=\"color: #333333;\"><span style=\"font-family: Arial, serif;\"><span style=\"font-size: small;\">: 0,196 MPa (20 metros de coluna de \u00e1gua)<br \/>\n<\/span><\/span><\/span><b><span style=\"color: #333333;\"><span style=\"font-family: Arial, serif;\"><span style=\"font-size: small;\"><u>Vaz\u00e3o m\u00e1xima recomendada<\/u><\/span><\/span><\/span><\/b><span style=\"color: #333333;\"><span style=\"font-family: Arial, serif;\"><span style=\"font-size: small;\"> : 0,75 litro\/minuto<br \/>\n<\/span><\/span><\/span><b><span style=\"color: #333333;\"><span style=\"font-family: Arial, serif;\"><span style=\"font-size: small;\"><u>Materiais empregados<\/u><\/span><\/span><\/span><\/b><span style=\"color: #333333;\"><span style=\"font-family: Arial, serif;\"><span style=\"font-size: small;\">: Gabinete em polipropileno,Elemento filtrante em carv\u00e3o ativado com prata coloidal<\/span><\/span><\/span><\/span><\/span><\/p>\n","protected":false},"featured_media":2047,"template":"","meta":[],"product_cat":[17],"product_tag":[],"_links":{"self":[{"href":"https:\/\/filtroparatodos.com.br\/loja\/wp-json\/wp\/v2\/product\/2045"}],"collection":[{"href":"https:\/\/filtroparatodos.com.br\/loja\/wp-json\/wp\/v2\/product"}],"about":[{"href":"https:\/\/filtroparatodos.com.br\/loja\/wp-json\/wp\/v2\/types\/product"}],"version-history":[{"count":10,"href":"https:\/\/filtroparatodos.com.br\/loja\/wp-json\/wp\/v2\/product\/2045\/revisions"}],"predecessor-version":[{"id":2122,"href":"https:\/\/filtroparatodos.com.br\/loja\/wp-json\/wp\/v2\/product\/2045\/revisions\/2122"}],"wp:featuredmedia":[{"embeddable":true,"href":"https:\/\/filtroparatodos.com.br\/loja\/wp-json\/wp\/v2\/media\/2047"}],"wp:attachment":[{"href":"https:\/\/filtroparatodos.com.br\/loja\/wp-json\/wp\/v2\/media?parent=2045"}],"wp:term":[{"taxonomy":"product_cat","embeddable":true,"href":"https:\/\/filtroparatodos.com.br\/loja\/wp-json\/wp\/v2\/product_cat?post=2045"},{"taxonomy":"product_tag","embeddable":true,"href":"https:\/\/filtroparatodos.com.br\/loja\/wp-json\/wp\/v2\/product_tag?post=2045"}],"curies":[{"name":"wp","href":"https:\/\/api.w.org\/{rel}","templated":true}]}}